{"id":55,"date":"2014-06-03T13:54:18","date_gmt":"2014-06-03T12:54:18","guid":{"rendered":"https:\/\/ascfr.com\/?page_id=55"},"modified":"2021-07-29T15:41:27","modified_gmt":"2021-07-29T14:41:27","slug":"reservation","status":"publish","type":"page","link":"https:\/\/ascfr.com\/?page_id=55","title":{"rendered":"Boutique"},"content":{"rendered":"<p><a href=\"mailto:vince@ascfr.com\"><img loading=\"lazy\" decoding=\"async\" class=\"aligncenter\" src=\"http:\/\/ahp.li\/765a35774b64bcd63dac.jpg\" alt=\"\" width=\"838\" height=\"444\" \/><\/a><\/p>\n<h2><strong><a href=\"mailto:admin@arsenal-france.fr\">Contactez Vince pour commander<\/a><\/strong><\/h2>\n<hr \/>\n<p><a href=\"http:\/\/ahp.li\/8fe30a3aacd5ccea3a30.doc\"><img loading=\"lazy\" decoding=\"async\" class=\"aligncenter\" src=\"http:\/\/ahp.li\/5bff55f0b5fd44d24dee.jpg\" alt=\"\" width=\"838\" height=\"527\" \/><\/a><\/p>\n<h2><\/h2>\n<h2><strong><a href=\"http:\/\/ahp.li\/8fe30a3aacd5ccea3a30.doc\">T\u00e9l\u00e9chargez le Bon de Commande<\/a><\/strong><\/h2>\n<hr \/>\n<p style=\"text-align: left;\"><strong>Si vous d\u00e9sirez un ou plusieurs des produits suivants, contactez <a href=\"mailto:admin@arsenal-france.fr\">Vince<\/a> par mail.<\/strong><\/p>\n<table border=\"0\" width=\"100%\" cellspacing=\"0\" cellpadding=\"0\">\n<tbody>\n<tr>\n<td width=\"255\"><span style=\"text-align: left;\"><a href=\"https:\/\/ascfr.com\/wp-content\/uploads\/2014\/06\/ech.png\"><img loading=\"lazy\" decoding=\"async\" class=\"size-full wp-image-60\" src=\"https:\/\/ascfr.com\/wp-content\/uploads\/2014\/06\/ech.png\" alt=\"ech\" width=\"250\" height=\"150\" \/><\/a><\/span><\/td>\n<td width=\"478\"><span style=\"text-align: left;\">\u00c9charpe ASCFR <strong>12\u20ac <\/strong>(15\u20ac avec frais de port)<\/span><\/td>\n<\/tr>\n<tr>\n<td><span style=\"text-align: left;\"><a href=\"https:\/\/ascfr.com\/wp-content\/uploads\/2014\/06\/tass.png\"><img loading=\"lazy\" decoding=\"async\" class=\"size-medium wp-image-61 alignleft\" src=\"https:\/\/ascfr.com\/wp-content\/uploads\/2014\/06\/tass.png\" alt=\"tass\" width=\"250\" height=\"150\" \/><\/a><\/span><\/td>\n<td><span style=\"text-align: left;\">Mug \u00d6zil <strong>10\u20ac <\/strong>(13\u20ac avec frais de port)<\/span><\/td>\n<\/tr>\n<tr>\n<td><span style=\"text-align: left;\"><a href=\"https:\/\/ascfr.com\/wp-content\/uploads\/2014\/06\/tshirt1.png\"><img loading=\"lazy\" decoding=\"async\" class=\"size-medium wp-image-62 alignleft\" src=\"https:\/\/ascfr.com\/wp-content\/uploads\/2014\/06\/tshirt1.png\" alt=\"tshirt1\" width=\"250\" height=\"150\" \/><\/a><\/span><\/td>\n<td><span style=\"text-align: left;\">Tshirt ASCFR <strong>12\u20ac <\/strong>(15\u20ac avec frais de port)<\/span><\/td>\n<\/tr>\n<tr>\n<td><span style=\"text-align: left;\"><a href=\"https:\/\/ascfr.com\/wp-content\/uploads\/2014\/06\/tshirt2.png\"><img loading=\"lazy\" decoding=\"async\" class=\"size-medium wp-image-63 alignleft\" src=\"https:\/\/ascfr.com\/wp-content\/uploads\/2014\/06\/tshirt2.png\" alt=\"tshirt2\" width=\"250\" height=\"150\" \/><\/a><\/span><\/td>\n<td><span style=\"text-align: left;\">Tshirt &#8220;French Gooners on Tour&#8221; <strong>7\u20ac <\/strong>(10\u20ac avec frais de port) <\/span><\/td>\n<\/tr>\n<\/tbody>\n<\/table>\n","protected":false},"excerpt":{"rendered":"<p>Contactez Vince pour commander T\u00e9l\u00e9chargez le Bon de Commande Si vous d\u00e9sirez un ou plusieurs des produits suivants, contactez Vince par mail. \u00c9charpe ASCFR 12\u20ac (15\u20ac avec frais de port) Mug \u00d6zil 10\u20ac (13\u20ac avec frais de port) Tshirt ASCFR 12\u20ac (15\u20ac avec frais de port) Tshirt &#8220;French Gooners on Tour&#8221; 7\u20ac (10\u20ac avec frais [&hellip;]<\/p>\n","protected":false},"author":2,"featured_media":0,"parent":0,"menu_order":0,"comment_status":"closed","ping_status":"open","template":"","meta":{"footnotes":""},"_links":{"self":[{"href":"https:\/\/ascfr.com\/index.php?rest_route=\/wp\/v2\/pages\/55"}],"collection":[{"href":"https:\/\/ascfr.com\/index.php?rest_route=\/wp\/v2\/pages"}],"about":[{"href":"https:\/\/ascfr.com\/index.php?rest_route=\/wp\/v2\/types\/page"}],"author":[{"embeddable":true,"href":"https:\/\/ascfr.com\/index.php?rest_route=\/wp\/v2\/users\/2"}],"replies":[{"embeddable":true,"href":"https:\/\/ascfr.com\/index.php?rest_route=%2Fwp%2Fv2%2Fcomments&post=55"}],"version-history":[{"count":15,"href":"https:\/\/ascfr.com\/index.php?rest_route=\/wp\/v2\/pages\/55\/revisions"}],"predecessor-version":[{"id":987,"href":"https:\/\/ascfr.com\/index.php?rest_route=\/wp\/v2\/pages\/55\/revisions\/987"}],"wp:attachment":[{"href":"https:\/\/ascfr.com\/index.php?rest_route=%2Fwp%2Fv2%2Fmedia&parent=55"}],"curies":[{"name":"wp","href":"https:\/\/api.w.org\/{rel}","templated":true}]}}