{"id":43,"date":"2014-06-02T16:41:44","date_gmt":"2014-06-02T15:41:44","guid":{"rendered":"https:\/\/ascfr.com\/?page_id=43"},"modified":"2021-07-29T15:43:01","modified_gmt":"2021-07-29T14:43:01","slug":"qui-sommes-nous","status":"publish","type":"page","link":"https:\/\/ascfr.com\/?page_id=43","title":{"rendered":"Qui sommes nous?"},"content":{"rendered":"<p><a href=\"https:\/\/ascfr.com\/wp-content\/uploads\/2014\/06\/logo_ascfr_3.png\"><img loading=\"lazy\" decoding=\"async\" class=\"alignnone size-full wp-image-47\" src=\"https:\/\/ascfr.com\/wp-content\/uploads\/2014\/06\/logo_ascfr_3.png\" alt=\"logo_ascfr_3\" width=\"264\" height=\"80\" \/><\/a><\/p>\n<p>Des supporters d\u2019Arsenal Football Club, passionn\u00e9s, amoureux de ce club, de ses joueurs, et de sa riche histoire. Anciens membres de l\u2019ASCF cr\u00e9\u00e9 par Julien LENNE en 2004. Les fr\u00e8res Bertrand et Guillaume DARGENT avec Emmanuel SKIERLAK ont repris le flambeau de l\u2019association (qui devient l\u2019ASCFr) et lors de l\u2019\u00e9t\u00e9 2008, la direction de l\u2019association a chang\u00e9 de nouveau. J&#8217;ai (Vincent ARFEUX) repris la pr\u00e9sidence du Club de Supporter associ\u00e9 \u00e0 Aur\u00e9lien MUHLE au r\u00f4le de secr\u00e9taire. Une fonction qu&#8217;il a remplit avec beaucoup de passion et d&#8217;investissement jusqu&#8217;\u00e0 l&#8217;\u00e9t\u00e9 2020.<\/p>\n<p><strong>Le Board<\/strong><br \/>\nVincent (Vince) &#8211; Pr\u00e9sident &#8211; <a href=\"mailto:admin@arsenal-france.fr\">contacter<\/a><br \/>\nArnaud (nono) &#8211; Admin &#8211; <a href=\"mailto:nono662@gmail.com\">contacter<\/a><\/p>\n<p><strong>Notre ambition<\/strong><\/p>\n<p>Notre ambition c\u2019est de faire vivre l\u2019association, de r\u00e9pondre aux demandes de nos membres et de toute cette communaut\u00e9 de Gunners \u2013 des gens passionn\u00e9s et fid\u00e8les dans les victoires comme dans les d\u00e9faites.<\/p>\n<p>En plus de la r\u00e9servation de tickets pour l\u2019Emirates Stadium (qui est notre but premier), l\u2019association organise d&#8217;autres activit\u00e9s pour ses membres.\u00a0 Nous organisons des commandes group\u00e9es, plusieurs fois dans la saison, pour que nos membres puissent acheter \u00a0des produits d\u00e9riv\u00e9s \u00e0 prix r\u00e9duit. Nous avons le forum &#8211; lieu de vie de la communaut\u00e9 sur internet. Ou pour vivre encore plus passionn\u00e9ment les matchs t\u00e9l\u00e9vis\u00e9s du club, le Lions Bar (Paris), o\u00f9 l\u2019ASCFr travaille en \u00e9troite collaboration avec le propri\u00e9taire, est le QG de l\u2019association, pub officiel des fans d\u2019Arsenal sur Paris. Lors des grandes soir\u00e9es, le Bar est rempli de Gunners avec une ambiance fantastique. \u00a0Nous participons aussi \u00e0 d&#8217;autres activit\u00e9s avec d&#8217;autres Clubs de supporters, comme les tournois de foot estivaux.<\/p>\n<p>Voil\u00e0, maintenant vous en savez un peu plus sur nous et les ambitions de notre association. Nous feront toujours de notre mieux pour r\u00e9pondre \u00e0 vos attentes. N\u2019h\u00e9sitez pas \u00e0 nous contacter pour de plus amples informations et pour nous faire part de vos impressions, suggestions, id\u00e9es en tout genre.<\/p>\n<p>D\u00e9p\u00eachez-vous de nous rejoindre sur le Forum !<\/p>\n<p>A tr\u00e8s bient\u00f4t,<\/p>\n<p>Le Board<\/p>\n<p>Victory Through Harmony<\/p>\n","protected":false},"excerpt":{"rendered":"<p>Des supporters d\u2019Arsenal Football Club, passionn\u00e9s, amoureux de ce club, de ses joueurs, et de sa riche histoire. Anciens membres de l\u2019ASCF cr\u00e9\u00e9 par Julien LENNE en 2004. Les fr\u00e8res Bertrand et Guillaume DARGENT avec Emmanuel SKIERLAK ont repris le flambeau de l\u2019association (qui devient l\u2019ASCFr) et lors de l\u2019\u00e9t\u00e9 2008, la direction de l\u2019association [&hellip;]<\/p>\n","protected":false},"author":2,"featured_media":0,"parent":0,"menu_order":0,"comment_status":"closed","ping_status":"open","template":"","meta":{"footnotes":""},"_links":{"self":[{"href":"https:\/\/ascfr.com\/index.php?rest_route=\/wp\/v2\/pages\/43"}],"collection":[{"href":"https:\/\/ascfr.com\/index.php?rest_route=\/wp\/v2\/pages"}],"about":[{"href":"https:\/\/ascfr.com\/index.php?rest_route=\/wp\/v2\/types\/page"}],"author":[{"embeddable":true,"href":"https:\/\/ascfr.com\/index.php?rest_route=\/wp\/v2\/users\/2"}],"replies":[{"embeddable":true,"href":"https:\/\/ascfr.com\/index.php?rest_route=%2Fwp%2Fv2%2Fcomments&post=43"}],"version-history":[{"count":5,"href":"https:\/\/ascfr.com\/index.php?rest_route=\/wp\/v2\/pages\/43\/revisions"}],"predecessor-version":[{"id":988,"href":"https:\/\/ascfr.com\/index.php?rest_route=\/wp\/v2\/pages\/43\/revisions\/988"}],"wp:attachment":[{"href":"https:\/\/ascfr.com\/index.php?rest_route=%2Fwp%2Fv2%2Fmedia&parent=43"}],"curies":[{"name":"wp","href":"https:\/\/api.w.org\/{rel}","templated":true}]}}