{"id":1103,"date":"2022-06-28T19:25:53","date_gmt":"2022-06-28T18:25:53","guid":{"rendered":"https:\/\/ascfr.com\/?page_id=1103"},"modified":"2025-06-25T16:48:08","modified_gmt":"2025-06-25T15:48:08","slug":"inscription-2022-203","status":"publish","type":"page","link":"https:\/\/ascfr.com\/?page_id=1103","title":{"rendered":"INSCRIPTIONS 2025-26"},"content":{"rendered":"<div class=\"wp-block-image\">\n<figure class=\"aligncenter\"><img loading=\"lazy\" decoding=\"async\" width=\"521\" height=\"322\" src=\"https:\/\/ascfr.com\/wp-content\/uploads\/2021\/06\/photoinscr2.jpg\" alt=\"\" class=\"wp-image-965\" srcset=\"https:\/\/ascfr.com\/wp-content\/uploads\/2021\/06\/photoinscr2.jpg 521w, https:\/\/ascfr.com\/wp-content\/uploads\/2021\/06\/photoinscr2-300x185.jpg 300w\" sizes=\"(max-width: 521px) 100vw, 521px\" \/><\/figure><\/div>\n\n\n<blockquote class=\"wp-block-quote\">\n<p><strong><mark style=\"background-color:rgba(0, 0, 0, 0)\" class=\"has-inline-color has-vivid-red-color\">Ouverture des inscriptions pour la saison 2025\/26<\/mark><\/strong><br><br>Ces 2 derni\u00e8res saisons la demande \u00e9tait tr\u00e8s forte, et pour chaque match on a pu obtenir g\u00e9n\u00e9ralement de 4 \u00e0 6 billets. Il y a peu de raison que \u00e7a change pour cette nouvelle saison. Donc on va appliquer les m\u00eames r\u00e8gles, \u00e0 savoir qu&#8217;on fermera les inscriptions \u00e0 250 adh\u00e9rents.<\/p>\n\n\n\n<p>D\u00e9sormais on ne peut obtenir des billets que pour les matchs \u00e0 domicile de Premier League, de FA Cup (hors finale ou demi finale), de Coupe de la Ligue (hors finale), et de Champion&#8217;s League (tr\u00e8s peu de chance d&#8217;en obtenir dans la phase \u00e9liminatoire. On ne peut plus obtenir de places \u00e0 l&#8217;ext\u00e9rieur en Champion&#8217;s League comme c&#8217;\u00e9tait le cas avant. M\u00eame si c&#8217;est face \u00e0 un Club fran\u00e7ais, comme on a pu s&#8217;en rendre compte la saison derni\u00e8re contre Lens o\u00f9 \u00e7a n&#8217;a pas pu \u00eatre possible.<\/p>\n\n\n\n<p><strong>Vous pouvez \u00e0 pr\u00e9sent adh\u00e9rer \u00e0 l&#8217;association pour la saison 2025\/2026 !<\/strong><\/p>\n\n\n\n<p>Les inscriptions pour les matchs vont suivre&#8230;<\/p>\n\n\n\n<p><\/p>\n\n\n\n<p><\/p>\n<cite>Vince le 18\/06\/2024<\/cite><\/blockquote>\n\n\n\n<h4 class=\"wp-block-heading\"><strong>Adh\u00e9rer \u00e0 l\u2019Arsenal Supporter Club France (ASCFR) c\u2019est : Devenir un membre officiel de l\u2019association des supporters fran\u00e7ais \/ francophones d\u2019Arsenal (association loi 1901 \u00e0 but non lucratif). Cr\u00e9\u00e9e en 2004, l&#8217;ASCFR est la premi\u00e8re association reconnue par le Club en France.<\/strong><\/h4>\n\n\n\n<iframe id=\"haWidget\" allowtransparency=\"true\" scrolling=\"auto\" src=\"https:\/\/www.helloasso.com\/associations\/arsenal-supporter-club-france\/adhesions\/adhesion-a-l-ascfr-2025-2026\/widget\" style=\"width: 100%; height: 750px; border: none;\"><\/iframe>\n","protected":false},"excerpt":{"rendered":"<p>Ouverture des inscriptions pour la saison 2025\/26 Ces 2 derni\u00e8res saisons la demande \u00e9tait tr\u00e8s forte, et pour chaque match on a pu obtenir g\u00e9n\u00e9ralement de 4 \u00e0 6 billets. Il y a peu de raison que \u00e7a change pour cette nouvelle saison. Donc on va appliquer les m\u00eames r\u00e8gles, \u00e0 savoir qu&#8217;on fermera les [&hellip;]<\/p>\n","protected":false},"author":2,"featured_media":0,"parent":0,"menu_order":0,"comment_status":"closed","ping_status":"closed","template":"","meta":{"footnotes":""},"_links":{"self":[{"href":"https:\/\/ascfr.com\/index.php?rest_route=\/wp\/v2\/pages\/1103"}],"collection":[{"href":"https:\/\/ascfr.com\/index.php?rest_route=\/wp\/v2\/pages"}],"about":[{"href":"https:\/\/ascfr.com\/index.php?rest_route=\/wp\/v2\/types\/page"}],"author":[{"embeddable":true,"href":"https:\/\/ascfr.com\/index.php?rest_route=\/wp\/v2\/users\/2"}],"replies":[{"embeddable":true,"href":"https:\/\/ascfr.com\/index.php?rest_route=%2Fwp%2Fv2%2Fcomments&post=1103"}],"version-history":[{"count":24,"href":"https:\/\/ascfr.com\/index.php?rest_route=\/wp\/v2\/pages\/1103\/revisions"}],"predecessor-version":[{"id":1483,"href":"https:\/\/ascfr.com\/index.php?rest_route=\/wp\/v2\/pages\/1103\/revisions\/1483"}],"wp:attachment":[{"href":"https:\/\/ascfr.com\/index.php?rest_route=%2Fwp%2Fv2%2Fmedia&parent=1103"}],"curies":[{"name":"wp","href":"https:\/\/api.w.org\/{rel}","templated":true}]}}