{"id":1088,"date":"2022-06-21T14:12:49","date_gmt":"2022-06-21T13:12:49","guid":{"rendered":"https:\/\/ascfr.com\/?page_id=1088"},"modified":"2022-06-29T14:40:33","modified_gmt":"2022-06-29T13:40:33","slug":"devenir-red-member","status":"publish","type":"page","link":"https:\/\/ascfr.com\/?page_id=1088","title":{"rendered":"Devenir RED MEMBER"},"content":{"rendered":"\n<figure class=\"wp-block-image\"><img decoding=\"async\" src=\"https:\/\/www.arsenal.com\/sites\/default\/files\/styles\/desktop_16x9\/public\/images\/702079-AFC-Membership-22-23_Web_Story_Generic.jpg?itok=JbRzJPMw\" alt=\"\"\/><\/figure>\n\n\n\n<p>Vous pouvez aussi obtenir votre billet pour l&#8217;Emirates sans passer par l&#8217;association, mais directement par le Club. Il y a un abonnement qui est pratique pour ceux qui r\u00e9sident en France car il permet de r\u00e9server occasionnellement des places \u00e0 l&#8217;Emirates pendant la saison. Il a ses avantages et ses inconv\u00e9nients, je vais d&#8217;abord vous expliquer comment vous abonner et comment r\u00e9server vos places.<\/p>\n\n\n\n<h2 class=\"wp-block-heading\">Comment devenir Red Member<\/h2>\n\n\n\n<p>Tout d&#8217;abord vous pouvez vous rendre sur <a href=\"https:\/\/www.arsenal.com\/membership\/red\">cette page<\/a> du site, si vous lisez l&#8217;anglais vous avez toutes les informations n\u00e9cessaires. Le prix actuellement (en 2022) est de <strong>\u00a334<\/strong> la saison (environ 40\u20ac). Une fois que vous avez pay\u00e9 cet abonnement, vous aurez acc\u00e8s \u00e0 la <a href=\"https:\/\/www.eticketing.co.uk\/arsenal\/\">billetterie en ligne<\/a>. L&#8217;entr\u00e9e au stade apr\u00e8s r\u00e9servation de place se fait au tourniquet gr\u00e2ce \u00e0 <strong>une carte Red Member<\/strong>, donc il est conseill\u00e9 d&#8217;attendre la r\u00e9ception de cette carte (quelques semaines apr\u00e8s l&#8217;adh\u00e9sion) avant de faire votre premi\u00e8re r\u00e9servation. Si vous souhaitez \u00e0 l&#8217;avenir renouveler cet abonnement pour une saison suppl\u00e9mentaire, vous utiliserez toujours la m\u00eame carte, il n&#8217;y a pas de nouvelle carte chaque saison.<\/p>\n\n\n\n<h2 class=\"wp-block-heading\">Comment r\u00e9server sa place<\/h2>\n\n\n\n<p>Une fois que vous \u00eates officiellement Red Member, vous avez donc acc\u00e8s \u00e0 la <a href=\"https:\/\/www.eticketing.co.uk\/arsenal\/\">billetterie en ligne<\/a> o\u00f9 il suffit de <strong>s\u00e9lectionner le match de votre choix<\/strong>, et si vous \u00eates \u00e9ligible (apr\u00e8s la date d&#8217;ouverture de r\u00e9servations pour les Red Member) vous pourrez<strong> choisir la place de votre choix<\/strong>. Une fois la place s\u00e9lectionn\u00e9e sur le plan du stade, vous pouvez <strong>effectuer le paiement<\/strong>, et enfin apr\u00e8s confirmation <strong>vous avez votre place pour le match<\/strong> (que vous pouvez visualiser dans votre profil).<\/p>\n\n\n\n<p>C&#8217;est malheureusement un petit peu plus compliqu\u00e9 que \u00e7a, car g\u00e9n\u00e9ralement en Premier League pour les Red Member, on se retrouve dans une situation o\u00f9 il n&#8217;y a pas de place disponible, ou pas de place dans le Block que l&#8217;on souhaite. Il faut savoir que pour chaque match il y a les diff\u00e9rents groupes d&#8217;abonn\u00e9es qui ont d\u00e9j\u00e0 leur place ou qui ont d\u00e9j\u00e0 r\u00e9serv\u00e9 leur place avant la date d&#8217;ouverture des r\u00e9servation pour les Red Members. Ca veux dire que pour les matchs o\u00f9 il y a beaucoup de demande il reste plus grand chose pour les Red Members. Donc lorsque cette situation se pr\u00e9sente il faudra vous armer de patience et <strong>revenir r\u00e9guli\u00e8rement sur la page et la rafra\u00eechir jusqu&#8217;\u00e0 ce qu&#8217;une place &#8211; ou que la place que vous souhaitez &#8211; se lib\u00e8re<\/strong>. Et plus la date du match se rapproche, plus vos chances d&#8217;y parvenir sont importante car il y a ce qu&#8217;on appelle le <a href=\"https:\/\/www.arsenal.com\/ticketexchange\">Ticket Exchange<\/a>, c&#8217;est le syst\u00e8me de revente de place (au prix coutant) entre abonn\u00e9s. Donc plus le jour du match se rapproche, plus des abonn\u00e9s revendent leur place, plus des opportunit\u00e9s se pr\u00e9senteront pour les Red Members.<\/p>\n\n\n\n<h2 class=\"wp-block-heading\">Avantages et Inconv\u00e9nients<\/h2>\n\n\n\n<p>Je conseille fortement aux personnes qui souhaitent se rendre seul au stade d&#8217;opter pour cet abonnement pour pleins de raisons diff\u00e9rentes. D\u00e9j\u00e0 <strong>vous aurez la possibilit\u00e9 de prendre des places dans n&#8217;importe quel Block de l&#8217;Emirates<\/strong>, si vous souhaitez \u00eatre proche des bancs, proche des tribunes o\u00f9 il y a de l&#8217;ambiance en Lower Tier (tribunes du bas), rester debout tout le match, si vous souhaitez le confort et la vue en Upper Tier (tribunes en hauteur), le luxe du Club Level, vous pourrez faire votre choix en fonction des places disponibles. Aussi <strong>l&#8217;acc\u00e8s au stade avec la carte Red Member est plus rapide<\/strong> qu&#8217;avec un billet papier ou un e-billet imprim\u00e9. <strong>Vous avez aussi droit en tant qu&#8217;abonn\u00e9 \u00e0 des r\u00e9compenses<\/strong> avec <a href=\"https:\/\/www.arsenal.com\/myarsenalrewards\">My Arsenal Rewards<\/a>, ainsi que <strong>10% de r\u00e9duction sur les produits d\u00e9riv\u00e9s du Club<\/strong> en boutique online et celles proches de l&#8217;Emirates (pour la saison 2022\/23).<\/p>\n\n\n\n<p>Finalement l&#8217;unique inconv\u00e9nient c&#8217;est que cet abonnement est <strong>surtout fait pour des personnes seules<\/strong>, car si vous souhaitez vous rendre au stade en groupe \u00e7a devient tr\u00e8s compliqu\u00e9 de trouver sur la billetterie en ligne 2-3-4 places disponible qui se suivent. Mais ce n&#8217;est pas impossible, et sinon vous pouvez faire comme beaucoup font : vous arranger pour prendre des places dans le m\u00eame Block et une fois au stade en fonction des places libre rejoindre votre ou vos amis.<\/p>\n","protected":false},"excerpt":{"rendered":"<p>Vous pouvez aussi obtenir votre billet pour l&#8217;Emirates sans passer par l&#8217;association, mais directement par le Club. Il y a un abonnement qui est pratique pour ceux qui r\u00e9sident en France car il permet de r\u00e9server occasionnellement des places \u00e0 l&#8217;Emirates pendant la saison. Il a ses avantages et ses inconv\u00e9nients, je vais d&#8217;abord vous [&hellip;]<\/p>\n","protected":false},"author":2,"featured_media":0,"parent":0,"menu_order":0,"comment_status":"closed","ping_status":"closed","template":"","meta":{"footnotes":""},"_links":{"self":[{"href":"https:\/\/ascfr.com\/index.php?rest_route=\/wp\/v2\/pages\/1088"}],"collection":[{"href":"https:\/\/ascfr.com\/index.php?rest_route=\/wp\/v2\/pages"}],"about":[{"href":"https:\/\/ascfr.com\/index.php?rest_route=\/wp\/v2\/types\/page"}],"author":[{"embeddable":true,"href":"https:\/\/ascfr.com\/index.php?rest_route=\/wp\/v2\/users\/2"}],"replies":[{"embeddable":true,"href":"https:\/\/ascfr.com\/index.php?rest_route=%2Fwp%2Fv2%2Fcomments&post=1088"}],"version-history":[{"count":9,"href":"https:\/\/ascfr.com\/index.php?rest_route=\/wp\/v2\/pages\/1088\/revisions"}],"predecessor-version":[{"id":1097,"href":"https:\/\/ascfr.com\/index.php?rest_route=\/wp\/v2\/pages\/1088\/revisions\/1097"}],"wp:attachment":[{"href":"https:\/\/ascfr.com\/index.php?rest_route=%2Fwp%2Fv2%2Fmedia&parent=1088"}],"curies":[{"name":"wp","href":"https:\/\/api.w.org\/{rel}","templated":true}]}}